{"id":108,"date":"2021-12-19T18:48:55","date_gmt":"2021-12-19T17:48:55","guid":{"rendered":"http:\/\/gruen.gurowietz.de\/?page_id=108"},"modified":"2026-03-14T17:01:24","modified_gmt":"2026-03-14T16:01:24","slug":"start","status":"publish","type":"page","link":"http:\/\/gruen.gurowietz.de\/","title":{"rendered":""},"content":{"rendered":"\n<p><\/p>\n\n\n\n<div class=\"wp-block-media-text alignwide has-media-on-the-right is-stacked-on-mobile\" style=\"grid-template-columns:auto 18%\"><div class=\"wp-block-media-text__content\">\n<p class=\"has-large-font-size\"><em><span class=\"has-inline-color has-green-550-color\">Wolfgang Gurowietz<\/span><\/em><\/p>\n\n\n\n<p>politischer Werdegang<\/p>\n<\/div><figure class=\"wp-block-media-text__media\"><img loading=\"lazy\" decoding=\"async\" width=\"682\" height=\"1024\" src=\"http:\/\/gruen.gurowietz.de\/wp-content\/uploads\/2026\/03\/gurowietz_121-1-682x1024.jpg\" alt=\"\" class=\"wp-image-224 size-full\" srcset=\"http:\/\/gruen.gurowietz.de\/wp-content\/uploads\/2026\/03\/gurowietz_121-1-682x1024.jpg 682w, http:\/\/gruen.gurowietz.de\/wp-content\/uploads\/2026\/03\/gurowietz_121-1-200x300.jpg 200w, http:\/\/gruen.gurowietz.de\/wp-content\/uploads\/2026\/03\/gurowietz_121-1-768x1154.jpg 768w, http:\/\/gruen.gurowietz.de\/wp-content\/uploads\/2026\/03\/gurowietz_121-1-1022x1536.jpg 1022w, http:\/\/gruen.gurowietz.de\/wp-content\/uploads\/2026\/03\/gurowietz_121-1.jpg 1278w\" sizes=\"auto, (max-width: 682px) 100vw, 682px\" \/><\/figure><\/div>\n\n\n\n<div class=\"wp-block-columns is-layout-flex wp-container-core-columns-is-layout-9d6595d7 wp-block-columns-is-layout-flex\">\n<div class=\"wp-block-column is-layout-flow wp-block-column-is-layout-flow\" style=\"flex-basis:100%\">\n<figure id=\"politischerWerdegang\" class=\"wp-block-table is-style-stripes\"><table><thead><tr><th class=\"has-text-align-center\" data-align=\"center\"> Von Datum<\/th><th class=\"has-text-align-center\" data-align=\"center\">Bis Datum<\/th><th>Aktivit\u00e4t<\/th><\/tr><\/thead><tbody><tr><td class=\"has-text-align-center\" data-align=\"center\"><strong>2026 &#8211; Januar<\/strong><\/td><td class=\"has-text-align-center\" data-align=\"center\"><strong>heute<\/strong><\/td><td><strong><em>Landschaftsverband Westfalen-Lippe LWL<\/em><\/strong><br><br><em><span class=\"has-inline-color has-green-550-color\">Mitglied der Landschaftsversammlung des LWL <\/span><\/em><br><span class=\"has-inline-color has-green-550-color\">Fraktion B\u00fcndnis90\/Die Gr\u00fcnen<\/span><br><br><span class=\"has-inline-color has-green-550-color\">Mitglied im Ausschuss f\u00fcr Digitalisierung und IT<\/span><br>      &#8211;  Fachpolitischer Sprecher f\u00fcr Digitalisierung und IT<br><span class=\"has-inline-color has-green-550-color\">Mitglied im Ausschuss Finanzen und Wirtschaft<\/span><br>      &#8211;  Finanzpolitischer Sprecher<br>Mitglied im Personalausschuss<br>Mitglied im Ausschuss f\u00fcr Pflegezentren und Wohnverb\u00fcnde<br>Mitglied der Europakommission<br><\/td><\/tr><tr><td class=\"has-text-align-center\" data-align=\"center\"><strong>2021 &#8211; Dezember<\/strong><br><strong>2024 &#8211; Januar<\/strong><\/td><td class=\"has-text-align-center\" data-align=\"center\"><strong>heute<\/strong><\/td><td><em><strong>Gemeinwohlstiftung der Sparkasse Dortmund<\/strong><\/em><br>+<br><strong><em>Stiftung der Sparkasse f\u00fcr Dortmund<\/em><\/strong><br><br><strong><em>Verwaltungsrat Sparkasse Dortmund<br><\/em><\/strong><br><span class=\"has-inline-color has-green-550-color\">Mitglied des Kuratoriums<\/span><\/td><\/tr><tr><td class=\"has-text-align-center\" data-align=\"center\"><strong>2021 &#8211; Oktober<\/strong><\/td><td class=\"has-text-align-center\" data-align=\"center\"><strong>2025 &#8211; Dezember<\/strong><\/td><td><strong><em>Dokom 21, Gesellschaft f\u00fcr Telekommunikation GmbH<\/em><\/strong><br><br><span class=\"has-inline-color has-green-550-color\">Mitglied des Aufsichtsrates<\/span><\/td><\/tr><tr><td class=\"has-text-align-center\" data-align=\"center\"><strong>2021 &#8211; Februar<\/strong><\/td><td class=\"has-text-align-center\" data-align=\"center\"><strong>2026 &#8211; M\u00e4rz<\/strong><\/td><td><strong><em>KEB Holding AG<\/em><\/strong>, <strong><em>Kommunale Energie Beteiligungs Holding AG<\/em><\/strong><br><br><span class=\"has-inline-color has-green-550-color\">Mitglied des Aufsichtsrates<\/span><\/td><\/tr><tr><td class=\"has-text-align-center\" data-align=\"center\"><strong>2021 &#8211; Januar<\/strong><\/td><td class=\"has-text-align-center\" data-align=\"center\"><strong>2021 &#8211; Juni<\/strong><\/td><td><strong><em>LWL-Fraktion B\u00fcndnis90\/Die Gr\u00fcnen<\/em><\/strong><br><br><span class=\"has-inline-color has-green-550-color\">Mitglied des Fraktionsvorstandes<\/span><\/td><\/tr><tr><td class=\"has-text-align-center\" data-align=\"center\"><strong>2021- Januar<\/strong><\/td><td class=\"has-text-align-center\" data-align=\"center\"><strong>2021 &#8211; Juni<\/strong><\/td><td><span class=\"has-inline-color has-green-550-color\">Sprecher Arbeitskreis Personal und Digitalisierung der gr\u00fcnen LWL-Fraktion<\/span><\/td><\/tr><tr><td class=\"has-text-align-center\" data-align=\"center\"><strong>2021 &#8211; Januar<\/strong><\/td><td class=\"has-text-align-center\" data-align=\"center\"><strong>2021 &#8211; Juni<\/strong><\/td><td><span class=\"has-inline-color has-green-550-color\">Fachpolitischer Sprecher f\u00fcr IT und Digitalisierung der gr\u00fcnen LWL-Fraktion<\/span><\/td><\/tr><tr><td class=\"has-text-align-center\" data-align=\"center\"><strong>2021 &#8211; Januar<\/strong><\/td><td class=\"has-text-align-center\" data-align=\"center\"><strong>2026 &#8211; Januar<\/strong><\/td><td><strong><em><strong><em>Landschaftsverband Westfalen-Lippe<\/em><\/strong>, M\u00fcnster<br><\/em><\/strong><br><em><span class=\"has-inline-color has-green-550-color\">Mitglied der Landschaftsversammlung des LWL <\/span><\/em><br><span class=\"has-inline-color has-green-550-color\">Fraktion B\u00fcndnis90\/Die Gr\u00fcnen<\/span><br><br><span class=\"has-inline-color has-green-550-color\">Mitglied im Ausschuss f\u00fcr Digitalisierung und IT<\/span><br><span class=\"has-inline-color has-green-550-color\">Mitglied im Ausschuss Finanzen und Wirtschaft<\/span><\/td><\/tr><tr><td class=\"has-text-align-center\" data-align=\"center\"><strong>2021 &#8211; Januar<\/strong><\/td><td class=\"has-text-align-center\" data-align=\"center\"><strong>2025 -November<\/strong><\/td><td><strong><em>Sparkasse Dortmund<\/em><\/strong><br><br><span class=\"has-inline-color has-green-550-color\">Stv. Vorsitzender des Verwaltungsrates<br>Stv. Vorsitzender des Risikoausschusses<br>Mitglied im Hauptausschuss<\/span><\/td><\/tr><tr><td class=\"has-text-align-center\" data-align=\"center\"><strong>2020 &#8211; November<\/strong><br>Kommunalwahl<\/td><td class=\"has-text-align-center\" data-align=\"center\"><strong>2025 -November<\/strong><\/td><td><strong><em>Stadt Dortmund<\/em><\/strong><br><strong>Mitglied des Rates<\/strong><br><span class=\"has-inline-color has-green-550-color\">Fraktion B\u00fcndnis90\/Die Gr\u00fcnen<\/span> <br><br>Ausschuss f\u00fcr Personal, Organisation und Digitalisierung<br>Ausschuss f\u00fcr Finanzen, Beteiligungen und Liegenschaften<\/td><\/tr><tr><td class=\"has-text-align-center\" data-align=\"center\"><strong>2014 &#8211; August<\/strong><\/td><td class=\"has-text-align-center\" data-align=\"center\"><strong>2020 &#8211; Dezember<\/strong><\/td><td><strong><em>VKA Westfalen GmbH,<\/em><\/strong><br>Vereinigung der kommunalen Aktion\u00e4re der RWE Westfalen GmbH<br><br><span class=\"has-inline-color has-green-550-color\">Mitglied der Gesellschafterversammlung<\/span><\/td><\/tr><tr><td class=\"has-text-align-center\" data-align=\"center\"><strong>2014 &#8211; August<\/strong><br>Kommunalwahl<\/td><td class=\"has-text-align-center\" data-align=\"center\"><strong>2020 &#8211; Dezember<\/strong><\/td><td><strong><em><strong><em> <strong><em>Sparkasse Dortmund<\/em><\/strong> <\/em><\/strong><\/em><\/strong><br><br><span class=\"has-inline-color has-green-550-color\">Mitglied des Verwaltungsrates<br>Hauptausschuss<br>Risikoausschuss<\/span><\/td><\/tr><tr><td class=\"has-text-align-center\" data-align=\"center\"><strong>2013 &#8211; Juni<\/strong><\/td><td class=\"has-text-align-center\" data-align=\"center\"><strong>2014 &#8211; Juli<\/strong><\/td><td><strong><em>Sparkasse Dortmund<\/em><\/strong><br><br><span class=\"has-inline-color has-green-550-color\">Stv. Mitglied des Verwaltungsrates<\/span><\/td><\/tr><tr><td class=\"has-text-align-center\" data-align=\"center\"><strong>2012 &#8211; September<\/strong><\/td><td class=\"has-text-align-center\" data-align=\"center\"><strong>2020 &#8211; Oktober<\/strong><\/td><td><strong><em>Fraktionsmitglied Ratsfraktion B\u00fcndnis90\/Die Gr\u00fcnen, Dortmund<\/em><\/strong><br><br><span class=\"has-inline-color has-green-550-color\">Sachkundiger B\u00fcrger im<br>Ausschuss f\u00fcr Personal und Organisation<\/span><\/td><\/tr><\/tbody><tfoot><tr><td class=\"has-text-align-center\" data-align=\"center\"><\/td><td class=\"has-text-align-center\" data-align=\"center\"><\/td><td><\/td><\/tr><\/tfoot><\/table><\/figure>\n<\/div>\n<\/div>\n\n\n\n<p><\/p>\n","protected":false},"excerpt":{"rendered":"<p>Wolfgang Gurowietz politischer Werdegang Von Datum Bis Datum Aktivit\u00e4t 2026 &#8211; Januar heute Landschaftsverband Westfalen-Lippe LWL Mitglied der Landschaftsversammlung des LWL Fraktion B\u00fcndnis90\/Die Gr\u00fcnen Mitglied im Ausschuss f\u00fcr Digitalisierung und IT &#8211; Fachpolitischer Sprecher f\u00fcr Digitalisierung und ITMitglied im Ausschuss Finanzen und Wirtschaft &#8211; Finanzpolitischer SprecherMitglied im PersonalausschussMitglied im Ausschuss f\u00fcr Pflegezentren und Wohnverb\u00fcndeMitglied der Europakommission 2021 &#8211; Dezember2024 &#8211; Januar heute Gemeinwohlstiftung der Sparkasse Dortmund+Stiftung der Sparkasse f\u00fcr Dortmund Verwaltungsrat Sparkasse DortmundMitglied des Kuratoriums 2021 &#8211; Oktober 2025 &#8211; Dezember Dokom 21, Gesellschaft f\u00fcr Telekommunikation GmbH Mitglied des Aufsichtsrates 2021 &#8211; Februar 2026 &#8211; M\u00e4rz KEB Holding AG, Kommunale Energie Beteiligungs Holding AG Mitglied des Aufsichtsrates 2021 &#8211; Januar 2021 &#8211; Juni LWL-Fraktion B\u00fcndnis90\/Die Gr\u00fcnen Mitglied des Fraktionsvorstandes 2021- Januar 2021 &#8211; Juni Sprecher Arbeitskreis Personal und Digitalisierung der gr\u00fcnen LWL-Fraktion 2021 &#8211; Januar 2021 &#8211; Juni Fachpolitischer Sprecher f\u00fcr IT und Digitalisierung der gr\u00fcnen LWL-Fraktion 2021 &#8211; Januar 2026 &#8211; Januar Landschaftsverband Westfalen-Lippe, M\u00fcnsterMitglied der Landschaftsversammlung des LWL Fraktion B\u00fcndnis90\/Die Gr\u00fcnen Mitglied im Ausschuss f\u00fcr Digitalisierung und ITMitglied im Ausschuss Finanzen und Wirtschaft 2021 &#8211; Januar 2025 -November [&hellip;]<\/p>\n","protected":false},"author":1,"featured_media":0,"parent":0,"menu_order":0,"comment_status":"closed","ping_status":"closed","template":"","meta":{"footnotes":""},"class_list":["post-108","page","type-page","status-publish","hentry"],"_links":{"self":[{"href":"http:\/\/gruen.gurowietz.de\/index.php?rest_route=\/wp\/v2\/pages\/108","targetHints":{"allow":["GET"]}}],"collection":[{"href":"http:\/\/gruen.gurowietz.de\/index.php?rest_route=\/wp\/v2\/pages"}],"about":[{"href":"http:\/\/gruen.gurowietz.de\/index.php?rest_route=\/wp\/v2\/types\/page"}],"author":[{"embeddable":true,"href":"http:\/\/gruen.gurowietz.de\/index.php?rest_route=\/wp\/v2\/users\/1"}],"replies":[{"embeddable":true,"href":"http:\/\/gruen.gurowietz.de\/index.php?rest_route=%2Fwp%2Fv2%2Fcomments&post=108"}],"version-history":[{"count":27,"href":"http:\/\/gruen.gurowietz.de\/index.php?rest_route=\/wp\/v2\/pages\/108\/revisions"}],"predecessor-version":[{"id":228,"href":"http:\/\/gruen.gurowietz.de\/index.php?rest_route=\/wp\/v2\/pages\/108\/revisions\/228"}],"wp:attachment":[{"href":"http:\/\/gruen.gurowietz.de\/index.php?rest_route=%2Fwp%2Fv2%2Fmedia&parent=108"}],"curies":[{"name":"wp","href":"https:\/\/api.w.org\/{rel}","templated":true}]}}